{"id":31297,"date":"2021-09-24T10:18:27","date_gmt":"2021-09-24T08:18:27","guid":{"rendered":"http:\/\/gretrec.digital.bluesoft-group.com\/?page_id=31297"},"modified":"2021-09-28T14:38:41","modified_gmt":"2021-09-28T12:38:41","slug":"publications-2","status":"publish","type":"page","link":"http:\/\/gretrec.digital.bluesoft-group.com\/en\/publications-2\/","title":{"rendered":"Publications"},"content":{"rendered":"\n<div class=\"wp-block-cover aligncenter has-custom-content-position is-position-bottom-left publication-header page-header\" style=\"min-height:700px\"><img loading=\"lazy\" width=\"2016\" height=\"1512\" class=\"wp-block-cover__image-background wp-image-35052\" alt=\"\" src=\"http:\/\/gretrec.digital.bluesoft-group.com\/wp-content\/uploads\/2021\/08\/Group-1341.jpg\" style=\"object-position:52% 45%\" data-object-fit=\"cover\" data-object-position=\"52% 45%\" srcset=\"http:\/\/gretrec.digital.bluesoft-group.com\/wp-content\/uploads\/2021\/08\/Group-1341.jpg 2016w, http:\/\/gretrec.digital.bluesoft-group.com\/wp-content\/uploads\/2021\/08\/Group-1341-300x225.jpg 300w, http:\/\/gretrec.digital.bluesoft-group.com\/wp-content\/uploads\/2021\/08\/Group-1341-1024x768.jpg 1024w, http:\/\/gretrec.digital.bluesoft-group.com\/wp-content\/uploads\/2021\/08\/Group-1341-768x576.jpg 768w, http:\/\/gretrec.digital.bluesoft-group.com\/wp-content\/uploads\/2021\/08\/Group-1341-1536x1152.jpg 1536w\" sizes=\"(max-width: 2016px) 100vw, 2016px\" \/><div class=\"wp-block-cover__inner-container\">\n<h2 class=\"publication-title\">OUR PUBLICATIONS<\/h2>\n\n\n\n<hr class=\"wp-block-separator separator\"\/>\n\n\n\n<p class=\"publication-desc-text\">The GRET produces and disseminates references: from its practice, it produces and disseminates knowledge, know-how, methods tested, evaluated and improved in the field.<\/p>\n<\/div><\/div>\n\n\n<div class=\"publications-nouveautes-block\">\n    <div class=\"container\">\n        <div class=\"row\">\n            <div class=\"nouveates\">\n                <div class=\"nouveates-content col-lg-12\">\n                    <div class=\"nouveates-title\">\n                        <h2>New arrivals<\/h2>\n                    <\/div>\n                    <div class=\"nouveates-container\">\n                                                    <div class=\"publication-nouveaute-element\">\n                                                                    <div class=\"publication-nouveaute-collection new\" id=\"21375\">\n                                        Project notebook                                    <\/div>\n                                                                <div class=\"publication-nouveaute-content\">\n                                    <div class=\"nouveate-thumbnail\">\n                                        <img src=\"http:\/\/gretrec.digital.bluesoft-group.com\/wp-content\/uploads\/2022\/03\/CP-10_BAMBOU_vignette-couv-VAN.jpg\" alt=\"\">\n                                    <\/div>\n                                    <div class=\"collection-content\">\n                                        <p class=\"nouveate-date\">01\/01\/2021<\/p>\n                                        <p class=\"nouveate-titre\">From shared governance of bamboo forests to structuring of sustainable value chains<\/p>\n                                        <a class=\"custom-link nouveaute-link\" href=\"http:\/\/gretrec.digital.bluesoft-group.com\/en\/publication\/from-shared-governance-of-bamboo-forests-to-structuring-of-sustainable-value-chains-2\/\">Read more<\/a>\n                                    <\/div>\n                                <\/div>\n\n                            <\/div>\n                                                    <div class=\"publication-nouveaute-element\">\n                                <br \/>\n<b>Warning<\/b>:  Invalid argument supplied for foreach() in <b>\/var\/www\/gretrec.digital.bluesoft-group.com\/wp-content\/themes\/legrettheme\/blocks\/block-publications-nouveautes.php<\/b> on line <b>21<\/b><br \/>\n                                <div class=\"publication-nouveaute-content\">\n                                    <div class=\"nouveate-thumbnail\">\n                                        <img src=\"http:\/\/gretrec.digital.bluesoft-group.com\/wp-content\/uploads\/2021\/12\/Handbook_agroecology_vignette-290x400-1.png\" alt=\"\">\n                                    <\/div>\n                                    <div class=\"collection-content\">\n                                        <p class=\"nouveate-date\">01\/03\/2019<\/p>\n                                        <p class=\"nouveate-titre\">Handbook for the evaluation of agroecology<\/p>\n                                        <a class=\"custom-link nouveaute-link\" href=\"http:\/\/gretrec.digital.bluesoft-group.com\/en\/publication\/handbook-for-the-evaluation-of-agroecology\/\">Read more<\/a>\n                                    <\/div>\n                                <\/div>\n\n                            <\/div>\n                                                    <div class=\"publication-nouveaute-element\">\n                                                                    <div class=\"publication-nouveaute-collection new\" id=\"21375\">\n                                        Project notebook                                    <\/div>\n                                                                <div class=\"publication-nouveaute-content\">\n                                    <div class=\"nouveate-thumbnail\">\n                                        <img src=\"http:\/\/gretrec.digital.bluesoft-group.com\/wp-content\/uploads\/2021\/12\/Vignette-technical-assistance-to-support-the-first-steps-of-a-social-business.png\" alt=\"\">\n                                    <\/div>\n                                    <div class=\"collection-content\">\n                                        <p class=\"nouveate-date\">01\/05\/2018<\/p>\n                                        <p class=\"nouveate-titre\">Technical assistance to support the first steps of a social business<\/p>\n                                        <a class=\"custom-link nouveaute-link\" href=\"http:\/\/gretrec.digital.bluesoft-group.com\/en\/publication\/technical-assistance-to-support-the-first-steps-of-a-social-business\/\">Read more<\/a>\n                                    <\/div>\n                                <\/div>\n\n                            <\/div>\n                                                    <div class=\"publication-nouveaute-element\">\n                                <br \/>\n<b>Warning<\/b>:  Invalid argument supplied for foreach() in <b>\/var\/www\/gretrec.digital.bluesoft-group.com\/wp-content\/themes\/legrettheme\/blocks\/block-publications-nouveautes.php<\/b> on line <b>21<\/b><br \/>\n                                <div class=\"publication-nouveaute-content\">\n                                    <div class=\"nouveate-thumbnail\">\n                                        <img src=\"http:\/\/gretrec.digital.bluesoft-group.com\/wp-content\/uploads\/2021\/12\/Farming_System_in_Myanmar_eng.jpg\" alt=\"\">\n                                    <\/div>\n                                    <div class=\"collection-content\">\n                                        <p class=\"nouveate-date\">01\/01\/2019<\/p>\n                                        <p class=\"nouveate-titre\">Farming Systems in Myanmar : Methodological background and synthesis of field-based studies across five states and regions of Myanmar<\/p>\n                                        <a class=\"custom-link nouveaute-link\" href=\"http:\/\/gretrec.digital.bluesoft-group.com\/en\/publication\/farming-systems-in-myanmar-methodological-background-and-synthesis-of-field-based-studies-across-five-states-and-regions-of-myanmar\/\">Read more<\/a>\n                                    <\/div>\n                                <\/div>\n\n                            <\/div>\n                                            <\/div>\n                <\/div>\n            <\/div>\n        <\/div>\n    <\/div>\n<\/div>\n\n<div class=\"publications-collections-block\">\n    <div class=\"container\">\n        <div class=\"row\">\n            <div class=\"collections\">\n                <div class=\"collections-content col-lg-12\">\n                    <div class=\"collections-title\">\n                        <h2>The editions of the gret<\/h2>\n                    <\/div>\n                    <div class=\"collections-subtitle\">\n                        <span>Discover our collections<\/span>\n                    <\/div>\n                    <div class=\"collections-description\">\n                        <p>The \u00c9ditions du GRET catalogue contains more than 250 publications (results of research, studies, practical guides, capitalisations on experiences, conference proceedings, etc.). The majority of these can be accessed free of charge..<\/p>\n                    <\/div>\n                    <div id=\"carousel-collections\" class=\"carousel slide custom-carousel-slider\" data-interval=\"false\" data-bs-ride=\"carousel\">\n                        <div class=\"carousel-indicators\">\n                                                            <button type=\"button\" data-bs-target=\"#carousel-collections\" data-bs-slide-to=\"0\" class=\"active\" aria-current=\"true\" aria-label=\"Slide 0\"><\/button>\n                                                            <button type=\"button\" data-bs-target=\"#carousel-collections\" data-bs-slide-to=\"1\" class=\"active\" aria-current=\"true\" aria-label=\"Slide 1\"><\/button>\n                                                            <button type=\"button\" data-bs-target=\"#carousel-collections\" data-bs-slide-to=\"2\" class=\"active\" aria-current=\"true\" aria-label=\"Slide 2\"><\/button>\n                                                            <button type=\"button\" data-bs-target=\"#carousel-collections\" data-bs-slide-to=\"3\" class=\"active\" aria-current=\"true\" aria-label=\"Slide 3\"><\/button>\n                                                            <button type=\"button\" data-bs-target=\"#carousel-collections\" data-bs-slide-to=\"4\" class=\"active\" aria-current=\"true\" aria-label=\"Slide 4\"><\/button>\n                                                    <\/div>\n                        <div class=\"carousel-inner\">\n                                                            <div class=\"carousel-item active collections-slide\">\n                                    <div class=\"collections-blog-content\">\n                                        <a href=\"http:\/\/gretrec.digital.bluesoft-group.com\/en\/collection\/debats-et-controverses\/\" class=\"collection-thumbnail\">\n                                            <img src=\"http:\/\/gretrec.digital.bluesoft-group.com\/wp-content\/uploads\/2022\/02\/Debatcontroverses.png\" alt=\"\">\n                                        <\/a>\n                                        <div class=\"collection-content\">\n                                            <a class=\"green-link\" href=\"http:\/\/gretrec.digital.bluesoft-group.com\/en\/collection\/debats-et-controverses\/\">\n                                                <h3>D\u00e9bats et controverses<\/h3>\n                                                <p><\/p>\n                                            <\/a>\n                                            <span class=\"custom-link collection-link\" data-collection=38438>View all publications<\/span>\n                                        <\/div>\n                                    <\/div>\n                                <\/div>\n                                                            <div class=\"carousel-item  collections-slide\">\n                                    <div class=\"collections-blog-content\">\n                                        <a href=\"http:\/\/gretrec.digital.bluesoft-group.com\/en\/collection\/guide-pratique\/\" class=\"collection-thumbnail\">\n                                            <img src=\"http:\/\/gretrec.digital.bluesoft-group.com\/wp-content\/uploads\/2022\/02\/Guidepratique2.png\" alt=\"\">\n                                        <\/a>\n                                        <div class=\"collection-content\">\n                                            <a class=\"green-link\" href=\"http:\/\/gretrec.digital.bluesoft-group.com\/en\/collection\/guide-pratique\/\">\n                                                <h3>Guide pratique<\/h3>\n                                                <p><\/p>\n                                            <\/a>\n                                            <span class=\"custom-link collection-link\" data-collection=38431>View all publications<\/span>\n                                        <\/div>\n                                    <\/div>\n                                <\/div>\n                                                            <div class=\"carousel-item  collections-slide\">\n                                    <div class=\"collections-blog-content\">\n                                        <a href=\"http:\/\/gretrec.digital.bluesoft-group.com\/en\/collection\/hors-collection\/\" class=\"collection-thumbnail\">\n                                            <img src=\"http:\/\/gretrec.digital.bluesoft-group.com\/wp-content\/uploads\/2022\/02\/HC.png\" alt=\"\">\n                                        <\/a>\n                                        <div class=\"collection-content\">\n                                            <a class=\"green-link\" href=\"http:\/\/gretrec.digital.bluesoft-group.com\/en\/collection\/hors-collection\/\">\n                                                <h3>Hors collection<\/h3>\n                                                <p><\/p>\n                                            <\/a>\n                                            <span class=\"custom-link collection-link\" data-collection=38437>View all publications<\/span>\n                                        <\/div>\n                                    <\/div>\n                                <\/div>\n                                                            <div class=\"carousel-item  collections-slide\">\n                                    <div class=\"collections-blog-content\">\n                                        <a href=\"http:\/\/gretrec.digital.bluesoft-group.com\/en\/collection\/project-notebook\/\" class=\"collection-thumbnail\">\n                                            <img src=\"http:\/\/gretrec.digital.bluesoft-group.com\/wp-content\/uploads\/2022\/02\/Cahier_projet2.png\" alt=\"\">\n                                        <\/a>\n                                        <div class=\"collection-content\">\n                                            <a class=\"green-link\" href=\"http:\/\/gretrec.digital.bluesoft-group.com\/en\/collection\/project-notebook\/\">\n                                                <h3>Project notebook<\/h3>\n                                                <p>Cette collection a vocation \u00e0 partager de fa\u00e7on synth\u00e9tique des exp\u00e9riences de projets conduits par le Gret et ses partenaires. Dans une forme all\u00e9g\u00e9e, elle donne \u00e0 voir les r\u00e9sultats d\u2019un projet (contexte, d\u00e9marche, int\u00e9r\u00eats, bilan technique et \u00e9conomique, etc.) et les recommandations qui en d\u00e9coulent. Le texte est enrichi de visuels et de courts t\u00e9moignages d\u2019acteurs impliqu\u00e9s dans l\u2019\u00e9laboration et la mise en \u0153uvre du projet.<\/p>\n                                            <\/a>\n                                            <span class=\"custom-link collection-link\" data-collection=21375>View all publications<\/span>\n                                        <\/div>\n                                    <\/div>\n                                <\/div>\n                                                            <div class=\"carousel-item  collections-slide\">\n                                    <div class=\"collections-blog-content\">\n                                        <a href=\"http:\/\/gretrec.digital.bluesoft-group.com\/en\/collection\/understand-act-and-share\/\" class=\"collection-thumbnail\">\n                                            <img src=\"http:\/\/gretrec.digital.bluesoft-group.com\/wp-content\/uploads\/2022\/02\/CAP2.png\" alt=\"\">\n                                        <\/a>\n                                        <div class=\"collection-content\">\n                                            <a class=\"green-link\" href=\"http:\/\/gretrec.digital.bluesoft-group.com\/en\/collection\/understand-act-and-share\/\">\n                                                <h3>Understand, act and share<\/h3>\n                                                <p>This collection brings together experience capitalizations, which mobilize the empirical know-how and expertise of GRET teams and its partners, practitioners and researchers. The words are illustrated by numerous visuals and deepened by specific boxes. These capitalizations offer reflective and in-depth analyzes of GRET projects or certain development themes. They proceed in theoretical or comparative perspective, sometimes through additional surveys, to draw in-depth recommendations for the improvement of projects. The expertises return the results of studies, surveys or bibliographic work carried out by GRET.<\/p>\n                                            <\/a>\n                                            <span class=\"custom-link collection-link\" data-collection=32238>View all publications<\/span>\n                                        <\/div>\n                                    <\/div>\n                                <\/div>\n                                                    <\/div>\n                        <button class=\"carousel-control-prev\" type=\"button\" data-bs-target=\"#carousel-collections\" data-bs-slide=\"prev\">\n                            <div class=\"custom-carousel-control-prev-icon\">\n                                <i class=\"fas fa-angle-left\"><\/i>\n                            <\/div>\n                        <\/button>\n                        <button class=\"carousel-control-next\" type=\"button\" data-bs-target=\"#carousel-collections\" data-bs-slide=\"next\">\n                            <div class=\"custom-carousel-control-prev-icon\">\n                                <i class=\"fas fa-angle-right\"><\/i>\n                            <\/div>\n                        <\/button>\n                    <\/div>\n                <\/div>\n            <\/div>\n        <\/div>\n    <\/div>\n<\/div>","protected":false},"excerpt":{"rendered":"","protected":false},"author":12,"featured_media":0,"parent":0,"menu_order":0,"comment_status":"closed","ping_status":"closed","template":"publications.php","meta":[],"categories":[229],"tags":[],"_links":{"self":[{"href":"http:\/\/gretrec.digital.bluesoft-group.com\/en\/wp-json\/wp\/v2\/pages\/31297"}],"collection":[{"href":"http:\/\/gretrec.digital.bluesoft-group.com\/en\/wp-json\/wp\/v2\/pages"}],"about":[{"href":"http:\/\/gretrec.digital.bluesoft-group.com\/en\/wp-json\/wp\/v2\/types\/page"}],"author":[{"embeddable":true,"href":"http:\/\/gretrec.digital.bluesoft-group.com\/en\/wp-json\/wp\/v2\/users\/12"}],"replies":[{"embeddable":true,"href":"http:\/\/gretrec.digital.bluesoft-group.com\/en\/wp-json\/wp\/v2\/comments?post=31297"}],"version-history":[{"count":7,"href":"http:\/\/gretrec.digital.bluesoft-group.com\/en\/wp-json\/wp\/v2\/pages\/31297\/revisions"}],"predecessor-version":[{"id":47741,"href":"http:\/\/gretrec.digital.bluesoft-group.com\/en\/wp-json\/wp\/v2\/pages\/31297\/revisions\/47741"}],"wp:attachment":[{"href":"http:\/\/gretrec.digital.bluesoft-group.com\/en\/wp-json\/wp\/v2\/media?parent=31297"}],"wp:term":[{"taxonomy":"category","embeddable":true,"href":"http:\/\/gretrec.digital.bluesoft-group.com\/en\/wp-json\/wp\/v2\/categories?post=31297"},{"taxonomy":"post_tag","embeddable":true,"href":"http:\/\/gretrec.digital.bluesoft-group.com\/en\/wp-json\/wp\/v2\/tags?post=31297"}],"curies":[{"name":"wp","href":"https:\/\/api.w.org\/{rel}","templated":true}]}}